{"id":7,"date":"2015-12-22T12:07:52","date_gmt":"2015-12-22T11:07:52","guid":{"rendered":"http:\/\/naturkosmetik-waldfee.de\/wordpress\/?page_id=7"},"modified":"2020-04-03T15:22:06","modified_gmt":"2020-04-03T13:22:06","slug":"workshop-inhalte","status":"publish","type":"page","link":"https:\/\/naturkosmetik-waldfee.de\/wordpress\/workshop-inhalte\/","title":{"rendered":"Workshop-Inhalte"},"content":{"rendered":"<h2>Workshops<\/h2>\n<p>Die Workshops unterteilen sich in drei Bereiche: Naturkosmetik, R\u00e4ucherwerk und Entr\u00fcmpelungs-Coaching. Wichtig ist mir die individuelle Betreuung der TeilnehmerInnen, da es sich nicht nur um reine Wissensvermittlung, sondern vor allem um das Wohlf\u00fchlen geht. Die Herstellung und Verwendung einer eigenen Creme hilft sich seiner Haut und somit seines K\u00f6rpers wieder ein St\u00fcck bewusster zu machen. Mit den Duft der Kr\u00e4uter werden oft Kindheitserinnerungen wach. Allgemein erlebe ich immer wieder in den Workshops, dass sich die TeilnehmerInnen entspannen und ganz achtsam bei ihrem Tun sind.<\/p>\n<p><em><strong>Naturkosmetik &#8211; Workshops:<\/strong><\/em><\/p>\n<p>Was versteht man eigentlich unter Naturkosmetik? Welche Inhaltsstoffe nutzt man f\u00fcr Naturkosmetik? Wie mache ich Cremes, Gele, Bade\u00f6le, Badepralinen o.\u00e4.? Wie wirken \u00e4therische \u00d6le? Diese Fragen und mehr beantworte ich in meinen thematisch verschiedenen Workshops. Aber es werden nicht nur relevante Informationen rund um Naturkosmetik gegeben, sondern auch selbst gemischt, ger\u00fchrt und eingecremt.<\/p>\n<p><em><strong>Kr\u00e4uterwerkstatt:<\/strong><\/em><\/p>\n<p>Gegen alles ist ein Kraut gewachsen! Tats\u00e4chlich?! Allerlei Kr\u00e4uter wachsen um uns herum \u2013 oft kennen wir deren Namen noch nicht einmal. Und ihren Nutzen schon gar nicht. Das finde ich schade! Tauchen Sie mit mir in die Pflanzenwelt ein und erkunden Sie:<br \/>\n&#8211; was sich hinter dem Gundermann verbirgt,<br \/>\n&#8211; dass man auch Rosenbl\u00fcten zum W\u00fcrzen nehmen kann,<br \/>\n&#8211; mit welchen Kr\u00e4utern man R\u00e4ume beduftet oder<br \/>\n&#8211; wie uns Pflanzen f\u00fcr unsere Gesundheit n\u00fctzlich sein k\u00f6nnen.<br \/>\nJeder Workshop beinhaltet einen theoretischen und praktischen Teil. Sie nehmen nicht nur Wissen, sondern auch Ihre selbst hergestellten Kr\u00e4utermischungen mit nach Hause. Ein kleines Skript l\u00e4dt Sie ein, mit Kr\u00e4utern und deren Zubereitungsarten auch daheim weiter zu experimentieren.<\/p>\n<p><em><strong>R\u00e4ucher &#8211; Workshops:<\/strong><\/em><\/p>\n<p>In den thematisch verschiedenen R\u00e4ucher-Workshops gibt es allgemeine Informationen rund um die Geschichte sowie Tradition des R\u00e4ucherns. Aber vor allem werden verschiedene Kr\u00e4uter, H\u00f6lzer und Harze gemischt und deren Wirkungen sowie traditionellen Einsatz in der Volksheilkunde und im Volksglauben besprochen.<\/p>\n<p><em><strong>Entr\u00fcmpelungs-Coaching:<\/strong><\/em><\/p>\n<p>Entr\u00fcmpeln in unseren R\u00e4umen, loslassen im Geist und auf energetischer Ebene \u2013 Entr\u00fcmpelungs-Coaching verhilft mit einfachen, praktischen Anregungen sowie der unterst\u00fctzenden Anwendung von R\u00e4ucherwerk und \u00e4therischen \u00d6len neue Ressourcen zu erschlie\u00dfen und damit mehr Energie in Ihr Leben zu bringen. Sie k\u00f6nnen an einem Workshop teilnehmen oder mich separat buchen.<\/p>\n<p>Gern k\u00f6nnen Sie mich auch f\u00fcr einen Workshop buchen &#8211; Inhalte k\u00f6nnen individuell abgesprochen werden.<\/p>\n<p>Fragen rund um die verschiedenen Workshops und Ihre Anmeldung k\u00f6nnen Sie gern per Email oder Telefon an mich richten:<\/p>\n<p><a href=\"mailto: info@naturkosmetik-waldfee.de\" target=\"_blank\" rel=\"noopener\">&lt;&lt;Anmeldung hier&gt;&gt;<\/a> oder per Telefon 0152-01974274.<\/p>\n<p>Ich freue mich, Sie in einem meiner n\u00e4chsten Workshops begr\u00fc\u00dfen zu d\u00fcrfen!<\/p>\n","protected":false},"excerpt":{"rendered":"<p class=\"post-excerpt\">Workshops Die Workshops unterteilen sich in drei Bereiche: Naturkosmetik, R\u00e4ucherwerk und Entr\u00fcmpelungs-Coaching.&hellip;<\/p>\n<div class=\"link-more\"><a href=\"https:\/\/naturkosmetik-waldfee.de\/wordpress\/workshop-inhalte\/\">Continue reading<span class=\"screen-reader-text\"> \"Workshop-Inhalte\"<\/span>&hellip;<\/a><\/div>","protected":false},"author":1,"featured_media":150,"parent":0,"menu_order":2,"comment_status":"closed","ping_status":"closed","template":"","meta":{"_price":"","_stock":"","_tribe_ticket_header":"","_tribe_default_ticket_provider":"","_ticket_start_date":"","_ticket_end_date":"","_tribe_ticket_show_description":"","_tribe_ticket_show_not_going":false,"_tribe_ticket_use_global_stock":"","_tribe_ticket_global_stock_level":"","_global_stock_mode":"","_global_stock_cap":"","_tribe_rsvp_for_event":"","_tribe_ticket_going_count":"","_tribe_ticket_not_going_count":"","_tribe_tickets_list":"[]","_tribe_ticket_has_attendee_info_fields":false,"footnotes":"","_tec_slr_enabled":"","_tec_slr_layout":""},"class_list":["post-7","page","type-page","status-publish","has-post-thumbnail","hentry"],"ticketed":false,"_links":{"self":[{"href":"https:\/\/naturkosmetik-waldfee.de\/wordpress\/wp-json\/wp\/v2\/pages\/7","targetHints":{"allow":["GET"]}}],"collection":[{"href":"https:\/\/naturkosmetik-waldfee.de\/wordpress\/wp-json\/wp\/v2\/pages"}],"about":[{"href":"https:\/\/naturkosmetik-waldfee.de\/wordpress\/wp-json\/wp\/v2\/types\/page"}],"author":[{"embeddable":true,"href":"https:\/\/naturkosmetik-waldfee.de\/wordpress\/wp-json\/wp\/v2\/users\/1"}],"replies":[{"embeddable":true,"href":"https:\/\/naturkosmetik-waldfee.de\/wordpress\/wp-json\/wp\/v2\/comments?post=7"}],"version-history":[{"count":10,"href":"https:\/\/naturkosmetik-waldfee.de\/wordpress\/wp-json\/wp\/v2\/pages\/7\/revisions"}],"predecessor-version":[{"id":473,"href":"https:\/\/naturkosmetik-waldfee.de\/wordpress\/wp-json\/wp\/v2\/pages\/7\/revisions\/473"}],"wp:featuredmedia":[{"embeddable":true,"href":"https:\/\/naturkosmetik-waldfee.de\/wordpress\/wp-json\/wp\/v2\/media\/150"}],"wp:attachment":[{"href":"https:\/\/naturkosmetik-waldfee.de\/wordpress\/wp-json\/wp\/v2\/media?parent=7"}],"curies":[{"name":"wp","href":"https:\/\/api.w.org\/{rel}","templated":true}]}}