{"id":344,"date":"2018-11-19T21:11:56","date_gmt":"2018-11-19T20:11:56","guid":{"rendered":"http:\/\/naturkosmetik-waldfee.de\/wordpress\/?page_id=344"},"modified":"2021-11-07T14:49:25","modified_gmt":"2021-11-07T13:49:25","slug":"duftpralinen-mit-kraeutern-und-aetherischen-oelen","status":"publish","type":"page","link":"https:\/\/naturkosmetik-waldfee.de\/wordpress\/duftpralinen-mit-kraeutern-und-aetherischen-oelen\/","title":{"rendered":"Duftpralinen"},"content":{"rendered":"<p>Duftpralinen werden in Aromalampen\u00a0<strong>ohne Wasser<\/strong>\u00a0erhitzt! Sie geben ihr dezentes, warmes, balsamisches Aroma \u00fcber Stunden ab und k\u00f6nnen mehrmals verwendet werden. Legen Sie das Sch\u00e4lchen der Lampe mit Backpapier aus (bei Bienenwachs wichtig, denn es klebt!). Geben Sie die Praline hinein und entz\u00fcnden das Teelicht. Die Praline schmilzt auf und gibt die Aromen langsam und ohne Rauchentwicklung an die Umgebung ab. Nach dem Erkalten k\u00f6nnen die Duftpralinen f\u00fcr erneutes Dufterlebnis aufbewahrt oder entsorgt werden. Die Waldfee hat folgende Duftpralinen\u00a0 im Sortiment:<\/p>\n<p><strong>Essence:<\/strong><br \/>\nDiese Duftpralinen mit den \u00e4therischen \u00d6len Elemi, Orange, Rosengeranie und Benzoe lassen uns in unsere Mitte kommen. Diese Duftkomposition passt gut zu Meditations\u00fcbungen und l\u00e4dt zur Innenschau ein. Als Basis dient hier Rapswachs.<\/p>\n<p><strong>Waldduft:\u00a0<\/strong><\/p>\n<p>\u201eWaldbaden\u201c geht mit diesen Duftpralinen auch zu Hause! Diese Duftpraline zaubert den Wald in die Wohnung. Der Waldduft von Fichte, Ziebelkiefer, Wei\u00dftanne und anderen B\u00e4umen ist eingefangen in Rapswachs. Dieser Duft beruhigt ungemein!<\/p>\n<p><strong>Lavendel:<\/strong><\/p>\n<p>Lavendelbl\u00fcten und \u00e4therisches Lavendel\u00f6l sind eingefangen im Rapswachs, um beim Schmelzen ihr duftendes Aroma freizugeben. Lavendel\u00f6l besitzt ausgleichende Kr\u00e4fte &#8211; bei zu viel Stress beruhigt es die Nerven und l\u00e4sst uns besser einschlafen, bei Unruhe f\u00fchrt es uns in unsere Mitte zur\u00fcck.<\/p>\n<p><strong>Weihnacht:<\/strong><\/p>\n<p>Und zu Weihnachten gibt es wieder den weihnachtlichen Duft aus Zimt, Weihrauch, Vanille, Anis &#8230; wohlig verpackt in Bienenwachs, der mit seiner duftenden Komponente die Komposition der \u00e4therischen \u00d6le untermalt.<\/p>\n<p><em>Drei Duftpralinen sind in einer m\u00e4rchenhaft zarten Papierschachtel verpackt.<\/em><\/p>\n<p><strong>Bestellungen gern \u00fcber dem Webshop: <a href=\"http:\/\/shop.naturkosmetik-waldfee.de\">shop.naturkosmetik-waldfee.de<\/a>\u00a0<\/strong><\/p>\n","protected":false},"excerpt":{"rendered":"<p class=\"post-excerpt\">Duftpralinen werden in Aromalampen\u00a0ohne Wasser\u00a0erhitzt! Sie geben ihr dezentes, warmes, balsamisches Aroma&hellip;<\/p>\n<div class=\"link-more\"><a href=\"https:\/\/naturkosmetik-waldfee.de\/wordpress\/duftpralinen-mit-kraeutern-und-aetherischen-oelen\/\">Continue reading<span class=\"screen-reader-text\"> \"Duftpralinen\"<\/span>&hellip;<\/a><\/div>","protected":false},"author":1,"featured_media":393,"parent":0,"menu_order":0,"comment_status":"closed","ping_status":"closed","template":"","meta":{"_price":"","_stock":"","_tribe_ticket_header":"","_tribe_default_ticket_provider":"","_ticket_start_date":"","_ticket_end_date":"","_tribe_ticket_show_description":"","_tribe_ticket_show_not_going":false,"_tribe_ticket_use_global_stock":"","_tribe_ticket_global_stock_level":"","_global_stock_mode":"","_global_stock_cap":"","_tribe_rsvp_for_event":"","_tribe_ticket_going_count":"","_tribe_ticket_not_going_count":"","_tribe_tickets_list":"[]","_tribe_ticket_has_attendee_info_fields":false,"footnotes":"","_tec_slr_enabled":"","_tec_slr_layout":""},"class_list":["post-344","page","type-page","status-publish","has-post-thumbnail","hentry"],"ticketed":false,"_links":{"self":[{"href":"https:\/\/naturkosmetik-waldfee.de\/wordpress\/wp-json\/wp\/v2\/pages\/344","targetHints":{"allow":["GET"]}}],"collection":[{"href":"https:\/\/naturkosmetik-waldfee.de\/wordpress\/wp-json\/wp\/v2\/pages"}],"about":[{"href":"https:\/\/naturkosmetik-waldfee.de\/wordpress\/wp-json\/wp\/v2\/types\/page"}],"author":[{"embeddable":true,"href":"https:\/\/naturkosmetik-waldfee.de\/wordpress\/wp-json\/wp\/v2\/users\/1"}],"replies":[{"embeddable":true,"href":"https:\/\/naturkosmetik-waldfee.de\/wordpress\/wp-json\/wp\/v2\/comments?post=344"}],"version-history":[{"count":8,"href":"https:\/\/naturkosmetik-waldfee.de\/wordpress\/wp-json\/wp\/v2\/pages\/344\/revisions"}],"predecessor-version":[{"id":523,"href":"https:\/\/naturkosmetik-waldfee.de\/wordpress\/wp-json\/wp\/v2\/pages\/344\/revisions\/523"}],"wp:featuredmedia":[{"embeddable":true,"href":"https:\/\/naturkosmetik-waldfee.de\/wordpress\/wp-json\/wp\/v2\/media\/393"}],"wp:attachment":[{"href":"https:\/\/naturkosmetik-waldfee.de\/wordpress\/wp-json\/wp\/v2\/media?parent=344"}],"curies":[{"name":"wp","href":"https:\/\/api.w.org\/{rel}","templated":true}]}}