{"id":2,"date":"2015-12-22T10:24:57","date_gmt":"2015-12-22T09:24:57","guid":{"rendered":"http:\/\/naturkosmetik-waldfee.de\/wordpress\/?page_id=2"},"modified":"2016-01-04T21:07:21","modified_gmt":"2016-01-04T20:07:21","slug":"waldfee-philosophie","status":"publish","type":"page","link":"https:\/\/naturkosmetik-waldfee.de\/wordpress\/waldfee-philosophie\/","title":{"rendered":"Waldfee-Philosophie"},"content":{"rendered":"<h2>Die Waldfee<\/h2>\n<p><img loading=\"lazy\" decoding=\"async\" class=\"wp-image-152 alignleft\" src=\"http:\/\/naturkosmetik-waldfee.de\/wordpress\/wp-content\/uploads\/2016\/01\/Waldfee.jpg\" alt=\"Waldfee\" width=\"156\" height=\"156\" \/><br \/>\nm\u00f6chte Sie einladen in das Reich der D\u00fcfte, \u00d6le, W\u00e4sser und Kr\u00e4uter.<\/p>\n<p>Mir liegt es am Herzen Sie mit der Natur und ihren Kostbarkeiten, die sie uns als Essenzen und D\u00fcfte zur Verf\u00fcgung stellt, vertraut zu machen.<\/p>\n<p>Hochwertige Pflegeprodukte f\u00fcr die Haut kann man oft in ein paar Minuten sich selbst in der K\u00fcche anr\u00fchren. Doch dazu ben\u00f6tigt man Wissen um Kr\u00e4uter, diverse Basis-Rohstoffe f\u00fcr Naturkosmetik und das Wirken von D\u00fcften. Nicht nur das Wohlbefinden der Haut, sondern auch des K\u00f6rpers sowie des Geistes kann man so f\u00f6rdern. In meinen\u00a0<strong>Naturkosmetik-Workshops<\/strong> vermittele ich Ihnen, wie man sich Pflegeprodukte f\u00fcr jeden Hauttyp mit Inhaltsstoffen aus kontrolliert biologischem Anbau ohne Konservierungsstoffe herstellt. Wir kreieren unsere Badezus\u00e4tze, Massage\u00f6le, K\u00f6rperbutter, Cremes und Gele selbst und erleben so wie diese die Haut beleben sowie in ihrer nat\u00fcrlichen Funktion unterst\u00fctzen k\u00f6nnen.<\/p>\n<p>In den <strong>R\u00e4ucher-Workshops<\/strong> erfahren Sie, wie \u00e4therische \u00d6le und Kr\u00e4uter auf unsere Psyche und Wohlbefinden wirken. Auch hier wird theoretisches Wissen mit einem gro\u00dfen praktischen Teil verbunden, damit Sie lernen eigene R\u00e4uchermischungen f\u00fcr sich herzustellen.<\/p>\n<p>Wer einmal selbst ein Pflegeprodukt hergestellt und sich damit, vielleicht gleich beim Workshop, verw\u00f6hnt hat, merkt wie die Creme, der Duft, die Haut pl\u00f6tzlich intensiver wahrgenommen werden. Eine R\u00e4uchermischung auf den eigenen Geschmack abgestimmt, tr\u00e4gt mit jeden R\u00e4uchern nicht nur zur verbesserten Raumluft bei, sondern man erfreut sich der D\u00fcfte auf eine subtile wiedererkennende Art &#8211; der Duft der einzelnen Kr\u00e4uter und Harze stieg einem beim Zersto\u00dfen im M\u00f6rser schon wohltuend in die Nase.<\/p>\n<p>Ich freue mich, mit Ihnen zusammen duftende Workshopstunden verbringen zu d\u00fcrfen!<\/p>\n<p>Herzlichst, Daniela Scheler<\/p>\n","protected":false},"excerpt":{"rendered":"<p class=\"post-excerpt\">Die Waldfee m\u00f6chte Sie einladen in das Reich der D\u00fcfte, \u00d6le, W\u00e4sser&hellip;<\/p>\n<div class=\"link-more\"><a href=\"https:\/\/naturkosmetik-waldfee.de\/wordpress\/waldfee-philosophie\/\">Continue reading<span class=\"screen-reader-text\"> \"Waldfee-Philosophie\"<\/span>&hellip;<\/a><\/div>","protected":false},"author":1,"featured_media":154,"parent":0,"menu_order":1,"comment_status":"closed","ping_status":"open","template":"","meta":{"_price":"","_stock":"","_tribe_ticket_header":"","_tribe_default_ticket_provider":"","_ticket_start_date":"","_ticket_end_date":"","_tribe_ticket_show_description":"","_tribe_ticket_show_not_going":false,"_tribe_ticket_use_global_stock":"","_tribe_ticket_global_stock_level":"","_global_stock_mode":"","_global_stock_cap":"","_tribe_rsvp_for_event":"","_tribe_ticket_going_count":"","_tribe_ticket_not_going_count":"","_tribe_tickets_list":"[]","_tribe_ticket_has_attendee_info_fields":false,"footnotes":"","_tec_slr_enabled":"","_tec_slr_layout":""},"class_list":["post-2","page","type-page","status-publish","has-post-thumbnail","hentry"],"ticketed":false,"_links":{"self":[{"href":"https:\/\/naturkosmetik-waldfee.de\/wordpress\/wp-json\/wp\/v2\/pages\/2","targetHints":{"allow":["GET"]}}],"collection":[{"href":"https:\/\/naturkosmetik-waldfee.de\/wordpress\/wp-json\/wp\/v2\/pages"}],"about":[{"href":"https:\/\/naturkosmetik-waldfee.de\/wordpress\/wp-json\/wp\/v2\/types\/page"}],"author":[{"embeddable":true,"href":"https:\/\/naturkosmetik-waldfee.de\/wordpress\/wp-json\/wp\/v2\/users\/1"}],"replies":[{"embeddable":true,"href":"https:\/\/naturkosmetik-waldfee.de\/wordpress\/wp-json\/wp\/v2\/comments?post=2"}],"version-history":[{"count":9,"href":"https:\/\/naturkosmetik-waldfee.de\/wordpress\/wp-json\/wp\/v2\/pages\/2\/revisions"}],"predecessor-version":[{"id":158,"href":"https:\/\/naturkosmetik-waldfee.de\/wordpress\/wp-json\/wp\/v2\/pages\/2\/revisions\/158"}],"wp:featuredmedia":[{"embeddable":true,"href":"https:\/\/naturkosmetik-waldfee.de\/wordpress\/wp-json\/wp\/v2\/media\/154"}],"wp:attachment":[{"href":"https:\/\/naturkosmetik-waldfee.de\/wordpress\/wp-json\/wp\/v2\/media?parent=2"}],"curies":[{"name":"wp","href":"https:\/\/api.w.org\/{rel}","templated":true}]}}