{"id":138,"date":"2016-01-03T12:27:27","date_gmt":"2016-01-03T11:27:27","guid":{"rendered":"http:\/\/naturkosmetik-waldfee.de\/wordpress\/?page_id=138"},"modified":"2016-01-03T15:11:06","modified_gmt":"2016-01-03T14:11:06","slug":"kontakt-impressum","status":"publish","type":"page","link":"https:\/\/naturkosmetik-waldfee.de\/wordpress\/kontakt-impressum\/","title":{"rendered":"Kontakt \/ Impressum"},"content":{"rendered":"<h2>Kontakt:<\/h2>\n<p><strong>Waldfee Daniela Scheler<\/strong><br \/>\nCarl-Zeiss-Platz 3, 07743 Jena<\/p>\n<p>info@naturkosmetik-waldfee.de<br \/>\nTelefon: 0152 \/ 01974274<\/p>\n<p>St.Nr. 162\/267\/075\/69<br \/>\nUSt-IdNr. DE274911137<\/p>\n<h2>Impressum:<\/h2>\n<p>Inhaltlich Verantwortliche: Daniela Scheler (Anschrift siehe oben)<br \/>\nHaftungshinweis: Trotz sorgf\u00e4ltiger inhaltlicher Kontrolle \u00fcbernehme ich keine Haftung f\u00fcr die Inhalte externer Links. F\u00fcr den Inhalt der verlinkten Seiten sind ausschlie\u00dflich deren Betreiber verantwortlich.<\/p>\n","protected":false},"excerpt":{"rendered":"<p class=\"post-excerpt\">Kontakt: Waldfee Daniela Scheler Carl-Zeiss-Platz 3, 07743 Jena info@naturkosmetik-waldfee.de Telefon: 0152 \/&hellip;<\/p>\n<div class=\"link-more\"><a href=\"https:\/\/naturkosmetik-waldfee.de\/wordpress\/kontakt-impressum\/\">Continue reading<span class=\"screen-reader-text\"> \"Kontakt \/ Impressum\"<\/span>&hellip;<\/a><\/div>","protected":false},"author":1,"featured_media":151,"parent":0,"menu_order":6,"comment_status":"closed","ping_status":"closed","template":"","meta":{"_price":"","_stock":"","_tribe_ticket_header":"","_tribe_default_ticket_provider":"","_ticket_start_date":"","_ticket_end_date":"","_tribe_ticket_show_description":"","_tribe_ticket_show_not_going":false,"_tribe_ticket_use_global_stock":"","_tribe_ticket_global_stock_level":"","_global_stock_mode":"","_global_stock_cap":"","_tribe_rsvp_for_event":"","_tribe_ticket_going_count":"","_tribe_ticket_not_going_count":"","_tribe_tickets_list":"[]","_tribe_ticket_has_attendee_info_fields":false,"footnotes":"","_tec_slr_enabled":"","_tec_slr_layout":""},"class_list":["post-138","page","type-page","status-publish","has-post-thumbnail","hentry"],"ticketed":false,"_links":{"self":[{"href":"https:\/\/naturkosmetik-waldfee.de\/wordpress\/wp-json\/wp\/v2\/pages\/138","targetHints":{"allow":["GET"]}}],"collection":[{"href":"https:\/\/naturkosmetik-waldfee.de\/wordpress\/wp-json\/wp\/v2\/pages"}],"about":[{"href":"https:\/\/naturkosmetik-waldfee.de\/wordpress\/wp-json\/wp\/v2\/types\/page"}],"author":[{"embeddable":true,"href":"https:\/\/naturkosmetik-waldfee.de\/wordpress\/wp-json\/wp\/v2\/users\/1"}],"replies":[{"embeddable":true,"href":"https:\/\/naturkosmetik-waldfee.de\/wordpress\/wp-json\/wp\/v2\/comments?post=138"}],"version-history":[{"count":1,"href":"https:\/\/naturkosmetik-waldfee.de\/wordpress\/wp-json\/wp\/v2\/pages\/138\/revisions"}],"predecessor-version":[{"id":139,"href":"https:\/\/naturkosmetik-waldfee.de\/wordpress\/wp-json\/wp\/v2\/pages\/138\/revisions\/139"}],"wp:featuredmedia":[{"embeddable":true,"href":"https:\/\/naturkosmetik-waldfee.de\/wordpress\/wp-json\/wp\/v2\/media\/151"}],"wp:attachment":[{"href":"https:\/\/naturkosmetik-waldfee.de\/wordpress\/wp-json\/wp\/v2\/media?parent=138"}],"curies":[{"name":"wp","href":"https:\/\/api.w.org\/{rel}","templated":true}]}}