{"id":11,"date":"2015-12-22T12:09:36","date_gmt":"2015-12-22T11:09:36","guid":{"rendered":"http:\/\/naturkosmetik-waldfee.de\/wordpress\/?page_id=11"},"modified":"2019-10-30T11:13:34","modified_gmt":"2019-10-30T10:13:34","slug":"raeucherwerk","status":"publish","type":"page","link":"https:\/\/naturkosmetik-waldfee.de\/wordpress\/raeucherwerk\/","title":{"rendered":"R\u00e4uchern mit Kr\u00e4utern"},"content":{"rendered":"<h2>Was ben\u00f6tige ich zum R\u00e4uchern?<\/h2>\n<p>R\u00e4uchermischungen k\u00f6nnen auf und um R\u00e4ucherkohle in R\u00e4ucherschalen oder auf R\u00e4ucher\u00f6fchen, direkt \u00fcber dem Feuer ger\u00e4uchert werden. Wenn Sie einen Bimsstein auf das Sieb des R\u00e4ucher\u00f6fchens legen, entf\u00e4llt die Rauchentwicklung \u2013 die Aromen werden \u00fcber lange Zeit, ganz sanft und schonend freigesetzt. Wenn Sie R\u00e4ucherkohle benutzen m\u00f6chten, ist es ratsam Japanische R\u00e4ucherkohle zu benutzen, da hier kein Geruch beim Verbrennen der Kohle entsteht und damit der Duft der Mischungen sich optimal entfalten kann.<\/p>\n<p>Wer bisher seine R\u00e4ume mit \u00e4therischen \u00d6len beduftet hat, kann gern zu Duftpralinen greifen. Diese setzen ihre D\u00fcfte der verschiedenen enthaltenen Kr\u00e4utern und \u00e4therischen \u00d6le beim Schmelzen frei. Der Vorteil ist, dass man die Duftpralinen auf einer ganz herk\u00f6mmlichen Duftlampe f\u00fcr \u00e4therische \u00d6le nutzen kann. F\u00fcr eine leichte Wiederverwendung sollten Sie ein St\u00fcckchen Backpapier unter die Praline legen. So kann sie beim Erhitzen verlaufen und nach dem Erkalten mit dem Papier zur Wiederverwendung entnommen werden.<\/p>\n<h2>Wann kann ich r\u00e4uchern?<\/h2>\n<p>Sicherlich ist die Geburtsstunde des R\u00e4ucherns in den Anf\u00e4ngen der Menschheit zu suchen, als das Feuer aktiv genutzt wurde und man erlebte, dass Holzarten verschieden verbrannten und rochen. Gab man Kr\u00e4uter hinzu, duftete es wieder anders und es konnten sich auch bestimmte Stimmungen zeigen. So entstand \u00fcber die Jahrtausende ein tiefes Wissen \u00fcber die Wirkung verschiedener Pflanzen(teile). Sieht man sich die diversen Hochkulturen an, so r\u00e4ucherte man in Amerika genauso wie in \u00c4gypten aus religi\u00f6sen bzw. Heilzwecken heraus.<br \/>\nEs gibt wichtige Jahresabschnitte, die von unseren Ahnen gefeiert wurden. Diese k\u00f6nnen mit Hilfe von R\u00e4ucherwerk eine eigene Tiefe erfahren. Sie k\u00f6nnen zu Samhain oder in den Rauhn\u00e4chten r\u00e4uchern, genauso zu den Winter- und Sommersonnenwenden. Zu all diesen Zeiten an denen die Verbindung zwischen den Welten offener sind als sonst, kann auch die Erfahrung mit dem entsprechenden Pflanzen besonders tiefgr\u00fcndig sein.<br \/>\nDie Erforschung der Pflanzeninhaltsstoffe in unserer Zeit hat dazu gef\u00fchrt, dass Pflanzen sehr gezielt f\u00fcr gewisse Befindlichkeiten eingesetzt werden k\u00f6nnen. Doch sollte man nicht davon ausgehen, dass nur ein ganz bestimmter isoliert gewonnener Stoff eine Reaktion herbeif\u00fchrt, sondern, dass wir die Pflanze als Gesamtheit betrachten sollten und die Wirkung der oftmals hunderten von Stoffen auf uns wirken lassen sollten. In D\u00fcften bewegen wir uns t\u00e4glich, aber gerade das achtsame auf sich wirken lassen einer R\u00e4ucherung kann uns unsere Befindlichkeiten n\u00e4her bringen. Schon die Entspannung und Zentrierung machen uns gelassener und unterst\u00fctzen uns bei der L\u00f6sung von Problemen.<br \/>\nNeben dem spirituellen Erleben, welches mit speziellen R\u00e4ucherungen m\u00f6glich ist, n\u00fctzt R\u00e4ucherwerk auch im Alltag nach einem anstrengenden Tag, bei Krankheit, zur Meditation o.\u00e4.<\/p>\n","protected":false},"excerpt":{"rendered":"<p class=\"post-excerpt\">Was ben\u00f6tige ich zum R\u00e4uchern? R\u00e4uchermischungen k\u00f6nnen auf und um R\u00e4ucherkohle in&hellip;<\/p>\n<div class=\"link-more\"><a href=\"https:\/\/naturkosmetik-waldfee.de\/wordpress\/raeucherwerk\/\">Continue reading<span class=\"screen-reader-text\"> \"R\u00e4uchern mit Kr\u00e4utern\"<\/span>&hellip;<\/a><\/div>","protected":false},"author":1,"featured_media":148,"parent":0,"menu_order":4,"comment_status":"closed","ping_status":"closed","template":"","meta":{"_price":"","_stock":"","_tribe_ticket_header":"","_tribe_default_ticket_provider":"","_ticket_start_date":"","_ticket_end_date":"","_tribe_ticket_show_description":"","_tribe_ticket_show_not_going":false,"_tribe_ticket_use_global_stock":"","_tribe_ticket_global_stock_level":"","_global_stock_mode":"","_global_stock_cap":"","_tribe_rsvp_for_event":"","_tribe_ticket_going_count":"","_tribe_ticket_not_going_count":"","_tribe_tickets_list":"[]","_tribe_ticket_has_attendee_info_fields":false,"footnotes":"","_tec_slr_enabled":"","_tec_slr_layout":""},"class_list":["post-11","page","type-page","status-publish","has-post-thumbnail","hentry"],"ticketed":false,"_links":{"self":[{"href":"https:\/\/naturkosmetik-waldfee.de\/wordpress\/wp-json\/wp\/v2\/pages\/11","targetHints":{"allow":["GET"]}}],"collection":[{"href":"https:\/\/naturkosmetik-waldfee.de\/wordpress\/wp-json\/wp\/v2\/pages"}],"about":[{"href":"https:\/\/naturkosmetik-waldfee.de\/wordpress\/wp-json\/wp\/v2\/types\/page"}],"author":[{"embeddable":true,"href":"https:\/\/naturkosmetik-waldfee.de\/wordpress\/wp-json\/wp\/v2\/users\/1"}],"replies":[{"embeddable":true,"href":"https:\/\/naturkosmetik-waldfee.de\/wordpress\/wp-json\/wp\/v2\/comments?post=11"}],"version-history":[{"count":5,"href":"https:\/\/naturkosmetik-waldfee.de\/wordpress\/wp-json\/wp\/v2\/pages\/11\/revisions"}],"predecessor-version":[{"id":409,"href":"https:\/\/naturkosmetik-waldfee.de\/wordpress\/wp-json\/wp\/v2\/pages\/11\/revisions\/409"}],"wp:featuredmedia":[{"embeddable":true,"href":"https:\/\/naturkosmetik-waldfee.de\/wordpress\/wp-json\/wp\/v2\/media\/148"}],"wp:attachment":[{"href":"https:\/\/naturkosmetik-waldfee.de\/wordpress\/wp-json\/wp\/v2\/media?parent=11"}],"curies":[{"name":"wp","href":"https:\/\/api.w.org\/{rel}","templated":true}]}}